{"id":5,"date":"2015-10-19T22:33:51","date_gmt":"2015-10-19T20:33:51","guid":{"rendered":"https:\/\/www.consulting-otto.de\/?page_id=5"},"modified":"2019-01-15T23:00:03","modified_gmt":"2019-01-15T22:00:03","slug":"home","status":"publish","type":"page","link":"https:\/\/www.consulting-otto.de\/","title":{"rendered":"Leitlinien"},"content":{"rendered":"<h2 class=\"Pa0\"><strong><span class=\"tm15\"><a href=\"https:\/\/www.consulting-otto.de\/wp-content\/uploads\/2019\/01\/swen-otto-2019_.jpg\" data-rel=\"lightbox-image-0\" data-rl_title=\"\" data-rl_caption=\"\" title=\"\"><img loading=\"lazy\" decoding=\"async\" class=\"alignnone wp-image-147 size-medium\" src=\"https:\/\/www.consulting-otto.de\/wp-content\/uploads\/2019\/01\/swen-otto-2019_-200x300.jpg\" alt=\"\" width=\"200\" height=\"300\" srcset=\"https:\/\/www.consulting-otto.de\/wp-content\/uploads\/2019\/01\/swen-otto-2019_-200x300.jpg 200w, https:\/\/www.consulting-otto.de\/wp-content\/uploads\/2019\/01\/swen-otto-2019_-768x1152.jpg 768w, https:\/\/www.consulting-otto.de\/wp-content\/uploads\/2019\/01\/swen-otto-2019_-683x1024.jpg 683w, https:\/\/www.consulting-otto.de\/wp-content\/uploads\/2019\/01\/swen-otto-2019_-624x936.jpg 624w, https:\/\/www.consulting-otto.de\/wp-content\/uploads\/2019\/01\/swen-otto-2019_.jpg 1000w\" sizes=\"auto, (max-width: 200px) 100vw, 200px\" \/><\/a><br \/>\nKompetenz \u2013 Flexibilit\u00e4t \u2013 Ehrlichkeit \u2013 Zuverl\u00e4ssigkeit <\/span><\/strong><\/h2>\n<p class=\"Pa0\"><span class=\"tm16\">mit diesen Leitlinien geben wir uns die Selbstverst\u00e4ndlichkeit sowie die grundlegende Basis in der Zusammenarbeit mit unseren Kunden! Ganz im Sinne unseres Logos reichen wir unsere Hand als Helfer f\u00fcr die erfolgreiche Bef\u00e4higung der Selbstverwirklichung unserer Kunden. Wir sind uns bewusst, dass dies ein hoher Anspruch ist und jeden Tag, in jedem Auftrag sowie bei jedem Kunden erneut mit Leben erf\u00fcllt werden muss. <\/span><\/p>\n<p class=\"Pa0\"><span class=\"tm16\">Vor diesem Hintergrund verpflichten wir uns:<\/span><\/p>\n<h3 class=\"Default tm17\"><strong><span class=\"tm15\">1. f\u00fcr unsere Kunden:<\/span><\/strong><\/h3>\n<p class=\"Pa0\"><span class=\"tm18\">&#x25b6; <\/span><span class=\"tm16\">individuell und umfassend zu agieren<br \/>\n<\/span><span class=\"tm18\">&#x25b6; <\/span><span class=\"tm16\">ein jederzeit objektiver, verst\u00e4ndnissvoller Partner zu sein<br \/>\n<\/span><span class=\"tm18\">&#x25b6; <\/span><span class=\"tm16\">kaufm\u00e4nnisch vorsichtig unter Abw\u00e4gung aller Chancen und Risiken t\u00e4tig zu werden<br \/>\n<\/span><span class=\"tm18\">&#x25b6; <\/span><span class=\"tm16\">hohe Fachkompetenz in allen Coachingthemen darzustellen<br \/>\n<\/span><span class=\"tm18\">&#x25b6; <\/span><span class=\"tm16\">die Erwartungen immer zu \u00fcbertreffen<br \/>\n<\/span><span class=\"tm18\">&#x25b6; <\/span><span class=\"tm16\">zuverl\u00e4ssig, flexibel sowie dauerhaft umsetzbar zu handeln<br \/>\n<\/span><span class=\"tm18\">&#x25b6; <\/span><span class=\"tm16\">generell die vollst\u00e4ndige Diskretion in der Bearbeitung zu garantieren<\/span><\/p>\n<h3 class=\"Pa2 tm19\"><strong><span class=\"tm15\">2. f\u00fcr unsere Arbeit:<\/span><\/strong><\/h3>\n<p class=\"Pa0\"><span class=\"tm18\">&#x25b6; <\/span><span class=\"tm16\">jederzeit offen unsere Meinung zu vertreten<br \/>\n<\/span><span class=\"tm18\">&#x25b6; <\/span><span class=\"tm16\">Hinweise und Kritiken der Kunden zu w\u00fcrdigen und umzusetzen<br \/>\n<\/span><span class=\"tm18\">&#x25b6; <\/span><span class=\"tm16\">zielgerichtet alle Aufgaben auf rein sachlicher Ebene zu verfolgen<br \/>\n<\/span><span class=\"tm18\">&#x25b6; <\/span><span class=\"tm16\">immer mit aller Kraft an der Probleml\u00f6sung zu arbeiten<br \/>\n<\/span><span class=\"tm18\">&#x25b6; <\/span><span class=\"tm16\">schwierige Situationen als Herausforderung anzunehmen<br \/>\n<\/span><span class=\"tm18\">&#x25b6; <\/span><span class=\"tm16\">mit Innovation die angestrebten Ergebnisse zu erzielen<\/span><\/p>\n<h3 class=\"Pa2 tm19\"><strong><span class=\"tm15\">3. f\u00fcr unser Handeln:<\/span><\/strong><\/h3>\n<p class=\"Pa0\"><span class=\"tm18\">&#x25b6; <\/span><span class=\"tm16\">die ethischen Grunds\u00e4tze als Basis der Zusammenarbeit zu verstehen<br \/>\n<\/span><span class=\"tm18\">&#x25b6; <\/span><span class=\"tm16\">immer die Gesetze sowie vertraglichen Vereinbarungen zu erf\u00fcllen<br \/>\n<\/span><span class=\"tm18\">&#x25b6; <\/span><span class=\"tm16\">nie die wirtschaftlichen Interessen \u00fcber die soziale Verantwortung zu stellen<br \/>\n<\/span><span class=\"tm18\">&#x25b6; <\/span><span class=\"tm16\">grunds\u00e4tzlich ehrlich mit allen Kunden und Partnern umzugehen <\/span><\/p>\n<h3 class=\"Pa2 tm19\"><strong><span class=\"tm15\">4. unsere Vision zu erf\u00fcllen:<\/span><\/strong><\/h3>\n<p class=\"Pa0\"><span class=\"tm16\">Coaching verstehen wir als Hilfe zur Selbsthilfe. Unser h\u00f6chstes Ziel bei der Erf\u00fcllung unserer Auftr\u00e4ge wird in diesem Grundsatz offengelegt. Wie werden unsere Kunden nicht von uns abh\u00e4ngig machen, sondern vielmehr bef\u00e4higen, die L\u00f6sungen und Strategien zu verstehen und zuk\u00fcnftig selbstst\u00e4ndig anzuwenden.<\/span><\/p>\n","protected":false},"excerpt":{"rendered":"<p>Kompetenz \u2013 Flexibilit\u00e4t \u2013 Ehrlichkeit \u2013 Zuverl\u00e4ssigkeit mit diesen Leitlinien geben wir uns die Selbstverst\u00e4ndlichkeit sowie die grundlegende Basis in der Zusammenarbeit mit unseren Kunden! Ganz im Sinne unseres Logos reichen wir unsere Hand als Helfer f\u00fcr die erfolgreiche Bef\u00e4higung der Selbstverwirklichung unserer Kunden. Wir sind uns bewusst, dass dies ein hoher Anspruch ist und [&hellip;]<\/p>\n","protected":false},"author":101011,"featured_media":0,"parent":0,"menu_order":0,"comment_status":"closed","ping_status":"closed","template":"","meta":{"footnotes":""},"class_list":["post-5","page","type-page","status-publish","hentry"],"_links":{"self":[{"href":"https:\/\/www.consulting-otto.de\/index.php\/wp-json\/wp\/v2\/pages\/5","targetHints":{"allow":["GET"]}}],"collection":[{"href":"https:\/\/www.consulting-otto.de\/index.php\/wp-json\/wp\/v2\/pages"}],"about":[{"href":"https:\/\/www.consulting-otto.de\/index.php\/wp-json\/wp\/v2\/types\/page"}],"author":[{"embeddable":true,"href":"https:\/\/www.consulting-otto.de\/index.php\/wp-json\/wp\/v2\/users\/101011"}],"replies":[{"embeddable":true,"href":"https:\/\/www.consulting-otto.de\/index.php\/wp-json\/wp\/v2\/comments?post=5"}],"version-history":[{"count":7,"href":"https:\/\/www.consulting-otto.de\/index.php\/wp-json\/wp\/v2\/pages\/5\/revisions"}],"predecessor-version":[{"id":148,"href":"https:\/\/www.consulting-otto.de\/index.php\/wp-json\/wp\/v2\/pages\/5\/revisions\/148"}],"wp:attachment":[{"href":"https:\/\/www.consulting-otto.de\/index.php\/wp-json\/wp\/v2\/media?parent=5"}],"curies":[{"name":"wp","href":"https:\/\/api.w.org\/{rel}","templated":true}]}}