{"id":41,"date":"2015-10-22T22:03:21","date_gmt":"2015-10-22T20:03:21","guid":{"rendered":"https:\/\/www.consulting-otto.de\/?page_id=41"},"modified":"2024-03-19T14:23:56","modified_gmt":"2024-03-19T13:23:56","slug":"partnerzulassungen","status":"publish","type":"page","link":"https:\/\/www.consulting-otto.de\/index.php\/partnerzulassungen\/","title":{"rendered":"Partner\/Zulassungen"},"content":{"rendered":"<h2 class=\"Pa3 tm9\"><strong><span class=\"tm11\">Kooperationspartner<\/span><\/strong><\/h2>\n<p class=\"Pa7 tm14\"><span class=\"tm13\">\u2022 IHK S\u00fcdth\u00fcringen<br \/>\n\u2022 HWK S\u00fcdth\u00fcringen<br \/>\n\u2022 weitere Kammern in ausgew\u00e4hlten Regionen (z. B. Freistaat Bayern, Baden-W\u00fcrttemberg, Mecklenburg-Vorpommern, Sachsen)<br \/>\n\u2022 GFAW Th\u00fcringen<br \/>\n\u2022 RKW Th\u00fcringen (Akkreditierung als Berater)<br \/>\n\u2022 akreditierter Berater BAFA<br \/>\n\u2022 Ellipsis GmbH<br \/>\n\u2022 KfW Zulassung Gr\u00fcndercoaching, Round Table, Turn Arround<br \/>\n\u2022 B\u00fcrgschaftsbank Th\u00fcringen, Th\u00fcringer Aufbaubank, KfW<br \/>\n\u2022 Deutscher Mittelstands Bund<br \/>\n<\/span><\/p>\n","protected":false},"excerpt":{"rendered":"<p>Kooperationspartner \u2022 IHK S\u00fcdth\u00fcringen \u2022 HWK S\u00fcdth\u00fcringen \u2022 weitere Kammern in ausgew\u00e4hlten Regionen (z. B. Freistaat Bayern, Baden-W\u00fcrttemberg, Mecklenburg-Vorpommern, Sachsen) \u2022 GFAW Th\u00fcringen \u2022 RKW Th\u00fcringen (Akkreditierung als Berater) \u2022 akreditierter Berater BAFA \u2022 Ellipsis GmbH \u2022 KfW Zulassung Gr\u00fcndercoaching, Round Table, Turn Arround \u2022 B\u00fcrgschaftsbank Th\u00fcringen, Th\u00fcringer Aufbaubank, KfW \u2022 Deutscher Mittelstands Bund<\/p>\n","protected":false},"author":2,"featured_media":0,"parent":0,"menu_order":0,"comment_status":"closed","ping_status":"closed","template":"","meta":{"footnotes":""},"class_list":["post-41","page","type-page","status-publish","hentry"],"_links":{"self":[{"href":"https:\/\/www.consulting-otto.de\/index.php\/wp-json\/wp\/v2\/pages\/41","targetHints":{"allow":["GET"]}}],"collection":[{"href":"https:\/\/www.consulting-otto.de\/index.php\/wp-json\/wp\/v2\/pages"}],"about":[{"href":"https:\/\/www.consulting-otto.de\/index.php\/wp-json\/wp\/v2\/types\/page"}],"author":[{"embeddable":true,"href":"https:\/\/www.consulting-otto.de\/index.php\/wp-json\/wp\/v2\/users\/2"}],"replies":[{"embeddable":true,"href":"https:\/\/www.consulting-otto.de\/index.php\/wp-json\/wp\/v2\/comments?post=41"}],"version-history":[{"count":11,"href":"https:\/\/www.consulting-otto.de\/index.php\/wp-json\/wp\/v2\/pages\/41\/revisions"}],"predecessor-version":[{"id":219,"href":"https:\/\/www.consulting-otto.de\/index.php\/wp-json\/wp\/v2\/pages\/41\/revisions\/219"}],"wp:attachment":[{"href":"https:\/\/www.consulting-otto.de\/index.php\/wp-json\/wp\/v2\/media?parent=41"}],"curies":[{"name":"wp","href":"https:\/\/api.w.org\/{rel}","templated":true}]}}