{"id":27,"date":"2015-10-19T23:05:20","date_gmt":"2015-10-19T21:05:20","guid":{"rendered":"https:\/\/www.consulting-otto.de\/?page_id=27"},"modified":"2024-03-21T15:42:49","modified_gmt":"2024-03-21T14:42:49","slug":"branchenerfahrungen","status":"publish","type":"page","link":"https:\/\/www.consulting-otto.de\/index.php\/branchenerfahrungen\/","title":{"rendered":"Branchenerfahrungen"},"content":{"rendered":"<p class=\"Pa6 tm8\"><span class=\"tm10\">Grunds\u00e4tzlich steht der gesamtdeutsche Raum als Gesch\u00e4ftsgebiet fest. Unabh\u00e4ngig davon besteht die Kerngesch\u00e4ftsregion im Freistaat Th\u00fcringen und in der Region Nordbayern.<\/span><\/p>\n<h2 class=\"Pa3 tm9\">\u00a0<strong><span class=\"tm11\">Branchenstreuung<\/span><\/strong><\/h2>\n<ul>\n<li class=\"Pa4 tm12\"><span class=\"tm13\">Gro\u00df- und Einzelhandel<\/span><\/li>\n<li class=\"Pa4 tm12\"><span class=\"tm13\">verarbeitendes Gewerbe<\/span><\/li>\n<li class=\"Pa4 tm12\"><span class=\"tm13\">Bau- und Baunebengewerbe<\/span><\/li>\n<li class=\"Pa4 tm12\"><span class=\"tm13\">Handwerk (breite Branchenstreuung)<\/span><\/li>\n<li class=\"Pa4 tm12\"><span class=\"tm13\">Metallbearbeitung<\/span><\/li>\n<li class=\"Pa4 tm12\"><span class=\"tm13\">Tiefbau<\/span><\/li>\n<li class=\"Pa4 tm12\"><span class=\"tm13\">Telekommunikation<\/span><\/li>\n<li class=\"Pa4 tm12\"><span class=\"tm13\">Medizintechnik<\/span><\/li>\n<li class=\"Pa4 tm12\"><span class=\"tm13\">IT Systemtechnik<\/span><\/li>\n<li class=\"Pa4 tm12\"><span class=\"tm13\">Apotheken<\/span><\/li>\n<li class=\"Pa4 tm12\"><span class=\"tm13\">Gastronomie\/Beherbergung<\/span><\/li>\n<li class=\"Pa4 tm12\"><span class=\"tm13\">Freiberufler (medizinisch\/therapeutischer Bereich\/Ingenieurwesen)<\/span><\/li>\n<li class=\"Pa4 tm12\"><span class=\"tm13\">KFZ-Handwerk und KFZ-Handel<\/span><\/li>\n<li class=\"Pa4 tm12\"><span class=\"tm13\">Marketing und Werbung<\/span><\/li>\n<li class=\"Pa4 tm12\"><span class=\"tm13\">Speditionsgewerbe<\/span><\/li>\n<li class=\"Pa4 tm12\"><span class=\"tm13\">Verpackungsindustrie<\/span><\/li>\n<li class=\"Pa4 tm12\"><span class=\"tm13\">Glas- und Glaskunstherstellung<\/span><\/li>\n<li class=\"Pa4 tm12\"><span class=\"tm13\">Metallbearbeitung<\/span><\/li>\n<li class=\"Pa4 tm12\"><span class=\"tm13\">M\u00f6bel-\/Polsterm\u00f6belindustrie<\/span><\/li>\n<li class=\"Pa4 tm12\"><span class=\"tm13\">Eventmanagement<\/span><\/li>\n<li class=\"Pa4 tm12\"><span class=\"tm13\">Kunstgewerbe<br \/>\n<\/span><\/li>\n<\/ul>\n","protected":false},"excerpt":{"rendered":"<p>Grunds\u00e4tzlich steht der gesamtdeutsche Raum als Gesch\u00e4ftsgebiet fest. Unabh\u00e4ngig davon besteht die Kerngesch\u00e4ftsregion im Freistaat Th\u00fcringen und in der Region Nordbayern. \u00a0Branchenstreuung Gro\u00df- und Einzelhandel verarbeitendes Gewerbe Bau- und Baunebengewerbe Handwerk (breite Branchenstreuung) Metallbearbeitung Tiefbau Telekommunikation Medizintechnik IT Systemtechnik Apotheken Gastronomie\/Beherbergung Freiberufler (medizinisch\/therapeutischer Bereich\/Ingenieurwesen) KFZ-Handwerk und KFZ-Handel Marketing und Werbung Speditionsgewerbe Verpackungsindustrie Glas- und Glaskunstherstellung [&hellip;]<\/p>\n","protected":false},"author":101011,"featured_media":0,"parent":0,"menu_order":0,"comment_status":"closed","ping_status":"closed","template":"","meta":{"footnotes":""},"class_list":["post-27","page","type-page","status-publish","hentry"],"_links":{"self":[{"href":"https:\/\/www.consulting-otto.de\/index.php\/wp-json\/wp\/v2\/pages\/27","targetHints":{"allow":["GET"]}}],"collection":[{"href":"https:\/\/www.consulting-otto.de\/index.php\/wp-json\/wp\/v2\/pages"}],"about":[{"href":"https:\/\/www.consulting-otto.de\/index.php\/wp-json\/wp\/v2\/types\/page"}],"author":[{"embeddable":true,"href":"https:\/\/www.consulting-otto.de\/index.php\/wp-json\/wp\/v2\/users\/101011"}],"replies":[{"embeddable":true,"href":"https:\/\/www.consulting-otto.de\/index.php\/wp-json\/wp\/v2\/comments?post=27"}],"version-history":[{"count":14,"href":"https:\/\/www.consulting-otto.de\/index.php\/wp-json\/wp\/v2\/pages\/27\/revisions"}],"predecessor-version":[{"id":227,"href":"https:\/\/www.consulting-otto.de\/index.php\/wp-json\/wp\/v2\/pages\/27\/revisions\/227"}],"wp:attachment":[{"href":"https:\/\/www.consulting-otto.de\/index.php\/wp-json\/wp\/v2\/media?parent=27"}],"curies":[{"name":"wp","href":"https:\/\/api.w.org\/{rel}","templated":true}]}}