{"id":237,"date":"2025-06-26T20:54:16","date_gmt":"2025-06-26T18:54:16","guid":{"rendered":"https:\/\/www.consulting-otto.de\/?page_id=237"},"modified":"2025-06-26T20:54:16","modified_gmt":"2025-06-26T18:54:16","slug":"barrierefreiheitserklaerung","status":"publish","type":"page","link":"https:\/\/www.consulting-otto.de\/index.php\/barrierefreiheitserklaerung\/","title":{"rendered":"Barrierefreiheitserkl\u00e4rung"},"content":{"rendered":"<h2>Erkl\u00e4rung zur Barrierefreiheit f\u00fcr Dienstleistungen<\/h2>\n<p class=\"Normal tm5\"><span class=\"tm6\">Mein Unternehmen ist von der Pflicht zur Barrierefreiheitserkl\u00e4rung ausgenommen. Trotzdem versuche ich, die Barrierefreiheit bei meinen Angeboten zu ber\u00fccksichtigen, um eine inklusive Nutzung zu erm\u00f6glichen.<\/span><\/p>\n<p>Im Rahmen meiner Barrierefreiheitserkl\u00e4rung m\u00f6chte ich Ihnen einen \u00dcberblick \u00fcber den Stand der Vereinbarkeit der unten beschriebenen Dienstleistung(en) mit den Anforderungen der Barrierefreiheit nach gesetzlichen Vorschriften (insbesondere mit dem Barrierefreiheitsst\u00e4rkungsgesetz \u2013 BFSG) geben.<\/p>\n<h2>Angaben zum Dienstleistungserbringer<\/h2>\n<p>Swen Otto<br \/>\nExistenzgr\u00fcndungscoach und Dozent<br \/>\nKamelweg 10<br \/>\n98724 Lauscha<br \/>\nTh\u00fcringen<\/p>\n<h2>Allgemeine Beschreibung der Dienstleistung<\/h2>\n<p>Ich, Swen Otto, bin Bankbetriebswirt. Hier stelle ich meine T\u00e4tigkeiten als Coach und Berater sowie meine Dozentent\u00e4tigkeit vor.<\/p>\n<h2>Erl\u00e4uterungen zur Durchf\u00fchrung der Dienstleistung<\/h2>\n<p>Als Honorardozent biete ich Vorlesungs- und Seminarbl\u00f6cken in den Schwerpunkten BWL, VWL, Controlling, Management und Unternehmensf\u00fchrung an.<\/p>\n<h2>Stand der Vereinbarkeit mit den Anforderungen<\/h2>\n<p>Die oben genannte Dienstleistung ist teilweise mit dem Barrierefreiheitsst\u00e4rkungsgesetz (BFSG) vereinbar.<\/p>\n<p>Folgende Teile\/Inhalte\/Funktionen der Dienstleistung sind nicht barrierefrei:<\/p>\n<p>Die auf der Webseite enthaltenen PDFs sind nicht barrierefrei, denn sie sind nicht mit dem Standard PDF\/UA kompatibel. Unsere verlinkten Videos enthalten keine Untertitel bzw. Audiodeskription.<\/p>\n<h2>Erstellung der Barrierefreiheitserkl\u00e4rung<\/h2>\n<p>Datum der Erstellung der Barrierefreiheitserkl\u00e4rung: 26.06.2025<br \/>\nDatum der letzten \u00dcberpr\u00fcfung der o. g. Leistungen hinsichtlich der Anforderungen zur Barrierefreiheit: 26.06.2025<\/p>\n<h2>Einsch\u00e4tzung zum Stand der Barrierefreiheit<\/h2>\n<p>Die Einsch\u00e4tzung zum Stand der Barrierefreiheit beruht auf unserer Selbsteinsch\u00e4tzung.<\/p>\n<h2>Feedbackm\u00f6glichkeit und Kontaktangaben<\/h2>\n<p>Adresse:<br \/>\nSwen Otto<br \/>\nKamelweg 10<br \/>\n98724 Lauscha<\/p>\n<p>E-Mail: <a href=\"mailto:info@consulting-otto.de\" target=\"_blank\" rel=\"noopener\">info@consulting-otto.de<\/a><\/p>\n<p>Telefon: 036702-20522<\/p>\n<p>Link zur Website: <a href=\"https:\/\/www.consulting-otto.de\" target=\"_blank\" rel=\"noopener\">www.consulting-otto.de<\/a><\/p>\n","protected":false},"excerpt":{"rendered":"<p>Erkl\u00e4rung zur Barrierefreiheit f\u00fcr Dienstleistungen Mein Unternehmen ist von der Pflicht zur Barrierefreiheitserkl\u00e4rung ausgenommen. Trotzdem versuche ich, die Barrierefreiheit bei meinen Angeboten zu ber\u00fccksichtigen, um eine inklusive Nutzung zu erm\u00f6glichen. Im Rahmen meiner Barrierefreiheitserkl\u00e4rung m\u00f6chte ich Ihnen einen \u00dcberblick \u00fcber den Stand der Vereinbarkeit der unten beschriebenen Dienstleistung(en) mit den Anforderungen der Barrierefreiheit nach gesetzlichen [&hellip;]<\/p>\n","protected":false},"author":101011,"featured_media":0,"parent":0,"menu_order":0,"comment_status":"closed","ping_status":"closed","template":"","meta":{"footnotes":""},"class_list":["post-237","page","type-page","status-publish","hentry"],"_links":{"self":[{"href":"https:\/\/www.consulting-otto.de\/index.php\/wp-json\/wp\/v2\/pages\/237","targetHints":{"allow":["GET"]}}],"collection":[{"href":"https:\/\/www.consulting-otto.de\/index.php\/wp-json\/wp\/v2\/pages"}],"about":[{"href":"https:\/\/www.consulting-otto.de\/index.php\/wp-json\/wp\/v2\/types\/page"}],"author":[{"embeddable":true,"href":"https:\/\/www.consulting-otto.de\/index.php\/wp-json\/wp\/v2\/users\/101011"}],"replies":[{"embeddable":true,"href":"https:\/\/www.consulting-otto.de\/index.php\/wp-json\/wp\/v2\/comments?post=237"}],"version-history":[{"count":1,"href":"https:\/\/www.consulting-otto.de\/index.php\/wp-json\/wp\/v2\/pages\/237\/revisions"}],"predecessor-version":[{"id":238,"href":"https:\/\/www.consulting-otto.de\/index.php\/wp-json\/wp\/v2\/pages\/237\/revisions\/238"}],"wp:attachment":[{"href":"https:\/\/www.consulting-otto.de\/index.php\/wp-json\/wp\/v2\/media?parent=237"}],"curies":[{"name":"wp","href":"https:\/\/api.w.org\/{rel}","templated":true}]}}