{"id":120,"date":"2018-05-04T16:54:40","date_gmt":"2018-05-04T14:54:40","guid":{"rendered":"https:\/\/www.consulting-otto.de\/?page_id=120"},"modified":"2024-03-19T14:24:11","modified_gmt":"2024-03-19T13:24:11","slug":"datenschutz","status":"publish","type":"page","link":"https:\/\/www.consulting-otto.de\/index.php\/datenschutz\/","title":{"rendered":"Datenschutzerkl\u00e4rung"},"content":{"rendered":"<p class=\"Normal\"><strong><span class=\"tm7\">Letzte Aktualisierung: 12.12.2023<br \/>\n<\/span><\/strong><\/p>\n<p class=\"Normal\"><span class=\"tm9\">Otto Consulting Lauscha, Deutschland (\u201eich\u201c) respektierte Ihr Recht auf Privatsph\u00e4re. In dieser Datenschutzerkl\u00e4rung wird erl\u00e4utert, wer ich bin, wie ich personenbezogene Daten \u00fcber Sie erhebe, weitergebe, nutze und wie Sie Ihre Datenschutzrechte aus\u00fcben k\u00f6nnen. Diese Datenschutzerkl\u00e4rung gilt nur f\u00fcr personenbezogene Daten, die ich \u00fcber meine Webseite <\/span><strong><u><a href=\"https:\/\/www.consulting-otto.de\/\" target=\"_blank\" rel=\"noopener\"><span class=\"tm7\">www.consulting-otto.de<\/span><\/a><\/u><\/strong><span class=\"tm9\">, (<\/span><strong><span class=\"tm7\">\u201eWebseite\u201c<\/span><\/strong><span class=\"tm9\">) oder anderweitig im Zuge der Bereitstellung meiner Produkte und Dienstleistungen erhebe.<\/span><\/p>\n<p class=\"Normal\"><span class=\"tm9\">Wenn Sie Fragen oder Bedenken hinsichtlich der Verwendung Ihrer pers\u00f6nlichen Daten durch mich haben, kontaktieren Sie mich bitte \u00fcber die <\/span><strong><span class=\"tm7\">Kontaktdaten<\/span><\/strong><span class=\"tm9\">, die Sie am Ende dieser Datenschutzerkl\u00e4rung finden.<\/span><\/p>\n<p class=\"Normal\"><span class=\"tm9\">Aus Sicherheitsgr\u00fcnden verwende ich auf meiner Webseite ein SSL Zertifikat zum Bereitstellen sicherer Verbindungen durch Verschl\u00fcsselung s\u00e4mtlichen ein- und ausgehenden Datenverkehrs. Die Verschl\u00fcsselung erkennen Sie an dem Schloss-Symbol in Ihrer Browserzeile und daran, dass dort \u201ehttps:\/\/\u201c angezeigt wird.<\/span><\/p>\n<h2 class=\"tm10\"><strong>Mit was besch\u00e4ftigt sich Otto Consulting Lauscha?<\/strong><\/h2>\n<p class=\"Normal\"><span class=\"tm9\">Ich bin als Coach und Dozent t\u00e4tig. Schwerpunkt bildet das Coaching im Bereich der Existenzgr\u00fcndungen, bei der Begleitung von jungen Firmen, Firmen\u00fcbernahmen als auch in Sanierungsf\u00e4llen. Die Dozentent\u00e4tigkeit erstreckt sich vorrangig auf die Fachbereiche BWL, VWL, Controlling, Personal, Projektmanagement und Unternehmensf\u00fchrung. Der Sitz ist in <\/span><span class=\"tm9\">Lauscha Kamelweg 10<\/span><span class=\"tm9\">, in Deutschland. <\/span><\/p>\n<p class=\"Normal\"><span class=\"tm9\">Weitere Informationen zu meiner T\u00e4tigkeit finden Sie im Abschnitt \u201e<\/span><strong><u><a href=\"https:\/\/www.consulting-otto.de\/index.php\/geschaeftsfeldertaetigkeitsbereiche\/\" target=\"_blank\" rel=\"noopener\"><span class=\"tm7\">Gesch\u00e4ftsfelder<\/span><\/a><\/u><\/strong><span class=\"tm9\">\u201c auf meiner Webseite.<\/span><\/p>\n<h2 class=\"tm10\"><strong>Welche personenbezogenen Daten erhebt Otto Consulting Lauscha und weshalb?<\/strong><\/h2>\n<p class=\"Normal\"><span class=\"tm9\">Die personenbezogenen Daten, die ich \u00fcber Sie erhebe, fallen unter eine der nachfolgenden Kategorien:<\/span><\/p>\n<p class=\"Normal\"><strong><span class=\"tm7\">Informationen, die ich von Ihnen erhalte:<\/span><\/strong><\/p>\n<p class=\"Normal\"><span class=\"tm9\">Ich bitte Sie, bestimmte Informationen freiwillig zur Verf\u00fcgung zu stellen. Einige Informationen werden automatisch von Ihrem Internet-Browser bereitgestellt, wenn Sie meine Webseite besuchen. Zu diesen Arten von Informationen geh\u00f6ren:<\/span><\/p>\n<table class=\"tm12 tm13\" border=\"0\" rules=\"all\">\n<tbody class=\"tm14\">\n<tr>\n<td class=\"tm15 tm16 tm17\">\n<p class=\"Normal\"><strong><span class=\"tm18\">Arten von personenbezogenen Daten<br \/>\n<span style=\"color: #ffffff;\">__________________________________________________________________<\/span><br \/>\n<\/span><\/strong><\/p>\n<\/td>\n<td class=\"tm15 tm16 tm19\">\n<p class=\"Normal\"><strong><span class=\"tm18\">Weshalb ich sie erhebe<\/span><\/strong><\/p>\n<p>&nbsp;<\/td>\n<\/tr>\n<tr>\n<td class=\"tm15 tm16 tm17\">\n<p class=\"Normal\"><span class=\"tm21\">Bestandsdaten:<br \/>\n<\/span><span class=\"tm23\">\u00b7 <\/span><span class=\"tm21\">Name<br \/>\n<\/span><span class=\"tm23\">\u00b7 <\/span><span class=\"tm21\">Adresse<br \/>\n<\/span><span class=\"tm23\">\u00b7 <\/span><span class=\"tm21\">Kontaktdaten<br \/>\n<\/span><span class=\"tm23\">\u00b7 <\/span><span class=\"tm21\">Daten der Firmenhistorie sowie aktuelle Kennziffern<br \/>\n<\/span><span class=\"tm23\">\u00b7 <\/span><span class=\"tm21\">Daten aus Ihrer Finanzwirtschaft<br \/>\n<\/span><span class=\"tm23\">\u00b7 <\/span><span class=\"tm21\">Erhebungen zur F\u00f6rdermittelnutzung<br \/>\n<\/span><span class=\"tm23\">\u00b7 <\/span><span class=\"tm21\">Kennziffern Ihrer Personalwirtschaft jedoch keine individuelle Personendaten Ihrer Anstellungsverh\u00e4ltbnisse<br \/>\n<\/span><span class=\"tm23\">\u00b7 <\/span><span class=\"tm21\">Projektdaten Ihrer beauftragten Projekte und Beratungsvertr\u00e4ge<\/span><\/p>\n<\/td>\n<td class=\"tm15 tm16 tm19\">\n<p class=\"Normal\"><span class=\"tm21\">Bestandsdaten werden f\u00fcr Vertragsabschl\u00fcsse und die Festlegung von Vertragsbedingungen und Vertrags\u00e4nderungen ben\u00f6tigt und dienen ausschlie\u00dflich der Vertragsabwicklung.<\/span><\/p>\n<p class=\"Normal\"><span class=\"tm21\">Dar\u00fcber hinaus stehen alle erhobenen Daten im direkten Zusammenhang mit den von Ihnen beauftragten Beratungsthemen bzw. dem zu bearbeiteten Einzelprojekt. Die Nutzung erfolgt ausschlie\u00dflich f\u00fcr die Erreichung des Beratungszieles.<\/span><\/p>\n<\/td>\n<\/tr>\n<tr>\n<td class=\"tm15 tm16 tm17\">\n<p class=\"Normal\"><span class=\"tm21\">Nutzungsdaten:<br \/>\n<\/span><span class=\"tm23\">\u00b7 <\/span><span class=\"tm21\">Benutzeridentifizierungsdaten<br \/>\n<\/span><span class=\"tm23\">\u00b7 <\/span><span class=\"tm21\">Informationen \u00fcber Zeitraum und Umfang der Nutzung<br \/>\n<\/span><span class=\"tm23\">\u00b7 <\/span><span class=\"tm21\">Informationen \u00fcber die Nutzung von Telekommunikationsdiensten<br \/>\n<\/span><span class=\"tm23\">\u00b7 <\/span><span class=\"tm21\">Rechnungsdaten<\/span><\/p>\n<\/td>\n<td class=\"tm15 tm16 tm19\">\n<p class=\"Normal\"><span class=\"tm21\">Nutzungsdaten werden ben\u00f6tigt, um meine Produkte meinen Kunden zur Verf\u00fcgung zu stellen sowie f\u00fcr Abrechnungszwecke. Nutzungsdaten werden verwendet f\u00fcr:<br \/>\n<\/span><span class=\"tm23\">\u00b7 <\/span><span class=\"tm21\">Vertragserf\u00fcllung<br \/>\n<\/span><span class=\"tm23\">\u00b7 <\/span><span class=\"tm21\">Werbeaktionen und Marktforschung<br \/>\n<\/span><span class=\"tm23\">\u00b7 <\/span><span class=\"tm21\">bedarfsgerechte Gestaltung meiner Angebote<\/span><\/p>\n<\/td>\n<\/tr>\n<tr>\n<td class=\"tm15 tm16 tm17\">\n<p class=\"Normal\"><span class=\"tm21\">Logfile-Dateien:<br \/>\n<\/span><span class=\"tm23\">\u00b7 <\/span><span class=\"tm21\">Browsertyp und -version<br \/>\n<\/span><span class=\"tm23\">\u00b7 <\/span><span class=\"tm21\">Betriebssystem<br \/>\n<\/span><span class=\"tm23\">\u00b7 <\/span><span class=\"tm21\">Referrer URL (Webseite, von der aus auf meine Seite zugegriffen wurde)<br \/>\n<\/span><span class=\"tm23\">\u00b7 <\/span><span class=\"tm21\">Otto-Consulting-URLs, auf die zugegriffen wird<br \/>\n<\/span><span class=\"tm23\">\u00b7 <\/span><span class=\"tm21\">Datum und Uhrzeit des Zugriffs<br \/>\n<\/span><span class=\"tm23\">\u00b7 <\/span><span class=\"tm21\">Internet-Protokoll (IP) Adresse<\/span><\/p>\n<\/td>\n<td class=\"tm15 tm16 tm19\">\n<p class=\"Normal\"><span class=\"tm21\">Die Logfile-Daten werden automatisch von Ihrem Internet-Browser zur Verf\u00fcgung gestellt. In einigen L\u00e4ndern, einschlie\u00dflich der L\u00e4nder des Europ\u00e4ischen Wirtschaftsraums, gelten diese Informationen auch als personenbezogene Daten. Ich nutze diese Informationen, um zu verstehen, wie meine Webseite genutzt wird, woher die Besucher meiner Webseite kommen und welche Inhalte auf meiner Webseite f\u00fcr sie von Interesse sind. Ich verwende diese Informationen f\u00fcr meine internen Analysezwecke und um die Qualit\u00e4t und Relevanz meiner Webseite f\u00fcr die Besucher zu verbessern.<\/span><\/p>\n<p class=\"Normal\"><span class=\"tm21\">Einige dieser Informationen werden mit Hilfe von Cookies und \u00e4hnlichen Tracking-Technologien gesammelt, wie weiter unten unter der Rubrik \u201e<\/span><strong><span class=\"tm18\">Cookies\u201c <\/span><\/strong><span class=\"tm21\">erl\u00e4utert.<\/span><\/p>\n<\/td>\n<\/tr>\n<\/tbody>\n<\/table>\n<p class=\"Normal\"><span class=\"tm9\">Wenn ich Sie um die Angabe weiterer personenbezogener Daten bitte, die nicht bereits oben beschrieben sind, werde ich Ihnen den Verwendungszweck zum Zeitpunkt der Erhebung mitteilen.<\/span><\/p>\n<h2 class=\"tm10\"><strong>An wen gibt Otto Consulting Lauscha meine personenbezogenen Daten weiter?<\/strong><\/h2>\n<p class=\"Normal\"><span class=\"tm9\">Ich gebe Ihre personenbezogenen Daten an folgende Kategorien von Empf\u00e4ngern weiter:<\/span><\/p>\n<p class=\"Normal tm22\"><span class=\"tm26\">\u00b7 <\/span><span class=\"tm9\">An meine <\/span><strong><span class=\"tm7\">Drittdienstleister<\/span><\/strong><span class=\"tm9\">, die mich bei der Erbringung meiner Dienstleistungen unterst\u00fctzen und in diesem Zusammenhang personenbezogene Daten verarbeiten (z.B. zur Unterst\u00fctzung der Bereitstellung meiner Webseite, Leisten von Funktionen auf meiner Webseite oder zur Erh\u00f6hung der Sicherheit meiner Webseite) oder die anderweitig personenbezogene Daten f\u00fcr Zwecke verarbeiten, die in dieser Datenschutzerkl\u00e4rung beschrieben oder Ihnen mitgeteilt werden, wenn ich Ihre personenbezogenen Daten erhebe.<\/span><\/p>\n<p class=\"Normal tm22\"><strong><span class=\"tm27\">\u00b7 <\/span><\/strong><span class=\"tm9\">Ich verwende<\/span><strong><span class=\"tm7\"> kein Google Analytics , Google Adwords, Bing Ads<\/span><\/strong><span class=\"tm9\"> und <\/span><strong><span class=\"tm7\">Facebook Remarketing<\/span><\/strong><\/p>\n<p class=\"Normal tm22\"><span class=\"tm26\">\u00b7 <\/span><span class=\"tm9\">An <\/span><strong><span class=\"tm7\">zust\u00e4ndige Vollstreckungsbeh\u00f6rden, Aufsichtsbeh\u00f6rden, staatliche Stellen, Gerichte oder sonstige Dritte<\/span><\/strong><span class=\"tm9\">, wenn die Offenlegung meiner Ansicht nach (i) auf Grund geltender Gesetze oder Vorschriften, (ii) zur Aus\u00fcbung, Wahrung oder Verteidigung unserer gesetzlichen Rechte oder (iii) zum Schutz Ihrer wesentlichen Interessen oder der wesentlichen Interessen einer anderen Person erforderlich ist.<\/span><\/p>\n<p class=\"Normal tm22\"><span class=\"tm26\">\u00b7 <\/span><span class=\"tm9\">Im Zusammenhang mit einem geplanten Zusammenschluss oder der \u00dcbernahme jeglichen Teils meiner Ferienwohnungen, gebe ich Ihre personenbezogenen Daten an einen <\/span><strong><span class=\"tm7\">potenziellen Nachfolger<\/span><\/strong><span class=\"tm9\"> (und seine Vertreter und Berater), wobei dieser Ihre personenbezogenen Daten nur f\u00fcr die in dieser Datenschutzerkl\u00e4rung angegebenen Zwecke nutzen darf.<\/span><\/p>\n<p class=\"Normal tm22\"><span class=\"tm26\">\u00b7 <\/span><span class=\"tm9\">An den von Ihnen gew\u00e4hlten F\u00f6rdermittelgeber, die zust\u00e4ndige IHK \/ HWK \/ Ihren Fachverband, Ihr Buchhaltungsb\u00fcro oder Ihren Steuerberater sowie soweit notwendig den von Ihnen beauftragten Fremdkapitalgeber.<\/span><\/p>\n<p class=\"Normal tm22\"><span class=\"tm26\">\u00b7 <\/span><span class=\"tm9\">An jede <\/span><strong><span class=\"tm7\">sonstige Person, <\/span><\/strong><span class=\"tm9\">sofern Sie der Weitergabe Ihrer personenbezogenen Daten<\/span><strong><span class=\"tm7\"> zustimmen<\/span><\/strong><span class=\"tm9\">.<\/span><\/p>\n<h3 class=\"tm10\"><strong>Informationen \u00fcber Cookies<\/strong><\/h3>\n<p class=\"Normal\"><span class=\"tm9\">Cookies werden verwendet, um Benutzer zu erkennen, die meine Webseite erneut besuchen und eines meiner Angebote mehrfach nutzen. Cookies sind kleine Textdateien, die Ihr Internet-Browser auf Ihrem Ger\u00e4t oder Computer speichert. Cookies helfen mir dabei, die Nutzungsh\u00e4ufigkeit, die Anzahl der Personen, die meine Webseite nutzen, das Nutzerverhalten auf meiner Webseite, die Werbewirksamkeit sowie die Sicherheit zu analysieren und mein Serviceangebot auf Ihre Bed\u00fcrfnisse abzustimmen.<\/span><\/p>\n<p>Zur Verwaltung der eingesetzten Cookies und \u00e4hnlichen Technologien (Tracking-Pixel, Web-Beacons etc.) und diesbez\u00fcglicher Einwilligungen setzen wir das Consent Tool &#8222;Real Cookie Banner&#8220; ein. Details zur Funktionsweise von &#8222;Real Cookie Banner&#8220; findest du unter <a href=\"https:\/\/devowl.io\/de\/rcb\/datenverarbeitung\/\" target=\"_blank\" rel=\"noopener noreferrer\"><strong>https:\/\/devowl.io\/de\/rcb\/datenverarbeitung\/<\/strong><\/a>.<\/p>\n<p>Rechtsgrundlagen f\u00fcr die Verarbeitung von personenbezogenen Daten in diesem Zusammenhang sind Art. 6 Abs. 1 lit. c DS-GVO und Art. 6 Abs. 1 lit. f DS-GVO. Unser berechtigtes Interesse ist die Verwaltung der eingesetzten Cookies und \u00e4hnlichen Technologien und der diesbez\u00fcglichen Einwilligungen.<\/p>\n<p>Die Bereitstellung der personenbezogenen Daten ist weder vertraglich vorgeschrieben noch f\u00fcr den Abschluss eines Vertrages notwendig. Du bist nicht verpflichtet die personenbezogenen Daten bereitzustellen. Wenn du die personenbezogenen Daten nicht bereitstellst, k\u00f6nnen wir deine Einwilligungen nicht verwalten.<\/p>\n<h2 class=\"tm10\"><strong>Rechtsgrundlage f\u00fcr die Verarbeitung personenbezogener Daten (nur f\u00fcr Besucher aus dem Europ\u00e4ischen Wirtschaftsraum \u2013 EWR)<\/strong><\/h2>\n<p class=\"Normal\"><span class=\"tm9\">Wenn Sie ein Besucher aus dem EWR sind, h\u00e4ngt die Rechtsgrundlage f\u00fcr die Erhebung und Nutzung der oben angegebenen personenbezogenen Daten von den betroffenen personenbezogenen Daten und dem spezifischen Kontext, in dem ich sie erhebe, ab.<\/span><\/p>\n<p class=\"Normal\"><span class=\"tm9\">Ich erhebe personenbezogene Daten von Ihnen nur dann, wenn ich Ihre Einwilligung dazu habe (Art. 6 Abs. 1 lit. a) GDPR); wenn ich die personenbezogenen Daten ben\u00f6tige, um einen Vertrag mit Ihnen zu erf\u00fcllen (Art. 6 Abs. 1 lit. b) GDPR); wenn die Verarbeitung in meinem berechtigten Interesse liegt, z.B. wenn sie zu Direktmarketingzwecken erfolgt und Ihre Datenschutzinteressen oder Grundrechte und \u2013freiheiten nicht \u00fcberwiegen (Art. 6 Abs. 1 lit. f) GDPR); oder wenn ich gesetzlich verpflichtet bin, personenbezogene Daten von Ihnen zu erheben (Art. 6 Abs. 1 lit. c) GDPR).<\/span><\/p>\n<p class=\"Normal\"><span class=\"tm9\">Wenn ich Sie bitte, mir personenbezogene Daten zur Verf\u00fcgung zu stellen, um einer gesetzlichen Verpflichtung nachzukommen oder Kontakt mit Ihnen aufzunehmen, werde ich dies zum jeweiligen Zeitpunkt mitteilen und Sie dar\u00fcber informieren, ob die Angabe Ihrer personenbezogenen Daten obligatorisch ist oder nicht (sowie \u00fcber die m\u00f6glichen Folgen, wenn Sie Ihre personenbezogenen Daten nicht angeben).<\/span><\/p>\n<p class=\"Normal\"><span class=\"tm9\">Wenn ich Ihre pers\u00f6nlichen Daten auf Grundlage meiner berechtigten Interessen (oder auf Grundlage berechtigter Interessen Dritter) sammele und verwende, werde ich Ihnen rechtzeitig mitteilen, welche berechtigten Interessen dies sind.<\/span><\/p>\n<p class=\"Normal PageBreak\"><span class=\"tm9\">Wenn Sie Fragen zu den rechtlichen Grundlagen f\u00fcr die Erhebung und Nutzung Ihrer personenbezogenen Daten haben oder weitere Informationen ben\u00f6tigen, wenden Sie sich bitte an mich \u00fcber die Kontaktdaten unter der Rubrik \u201e<\/span><strong><span class=\"tm7\">Kontakt<\/span><\/strong><span class=\"tm9\">\u201c<\/span><span class=\"tm9\">.<\/span><\/p>\n<h2 class=\"tm10\"><strong>Internationale Daten\u00fcbermittlungen<\/strong><\/h2>\n<p class=\"Normal\"><span class=\"tm9\">Ihre personenbezogenen Daten k\u00f6nnen in andere L\u00e4nder als das Land, in dem Sie Ihren Wohnsitz haben, \u00fcbermittelt und dort verarbeitet werden. In diesen L\u00e4ndern gibt es m\u00f6glicherweise Datenschutzgesetze, die sich von den Gesetzen Ihres Landes unterscheiden (und in einigen F\u00e4llen m\u00f6glicherweise nicht den gleichen Schutz bieten).<\/span><\/p>\n<p class=\"Normal\"><span class=\"tm9\">Mein Webseite-Server befinden sich in Deutschland.\u00a0Das bedeutet, dass ich Ihre personenbezogenen Daten in Deutschland verarbeite.<\/span><\/p>\n<h2 class=\"tm10\"><strong>Datenaufbewahrung<\/strong><\/h2>\n<p class=\"Normal\"><span class=\"tm9\">Ich speichere Ihre personenbezogenen Daten so lange, wie es f\u00fcr den Zweck, f\u00fcr den Ihre personenbezogenen Daten erhoben und verarbeitet worden sind, erforderlich ist (zum Beispiel, um eine von Ihnen angefragte Dienstleistung zu erbringen oder um geltende rechtliche, steuerliche oder buchhaltungsrelevante Anforderungen zu erf\u00fcllen).<\/span><\/p>\n<p class=\"Normal\"><span class=\"tm9\">Wenn f\u00fcr mich keine fortdauernde und berechtigte gesch\u00e4ftliche Notwendigkeit f\u00fcr die Verarbeitung Ihrer personenbezogenen Daten mehr besteht, werde ich Ihre personenbezogenen Daten entweder l\u00f6schen oder anonymisieren. Falls dies nicht m\u00f6glich ist (zum Beispiel, weil Ihre personenbezogenen Daten in Backup-Archiven gespeichert wurden), werde ich Ihre personenbezogenen Daten sicher speichern und sie von einer weiteren Verarbeitung herausnehmen, bis die L\u00f6schung m\u00f6glich ist.<\/span><\/p>\n<h2 class=\"tm10\"><strong>Ihre Datenschutzrechte<\/strong><\/h2>\n<p class=\"Normal\"><span class=\"tm9\">Sie haben folgende Datenschutzrechte:<\/span><\/p>\n<p class=\"Normal tm22\"><span class=\"tm26\">\u00b7 <\/span><span class=\"tm9\">Wenn Sie Ihre personenbezogenen Daten <\/span><strong><span class=\"tm7\">einsehen, korrigieren, aktualisieren oder l\u00f6schen lassen<\/span><\/strong><span class=\"tm9\"> m\u00f6chten, k\u00f6nnen Sie dies jederzeit tun, indem Sie mich unter den Kontaktdaten kontaktieren, die <\/span><span class=\"tm9\">unten<\/span><span class=\"tm9\"> unter der \u00dcberschrift <\/span><strong><span class=\"tm7\">\u201eKontakt\u201c<\/span><\/strong><span class=\"tm9\">\u00a0angegeben sind.<\/span><\/p>\n<p class=\"Normal tm22\"><span class=\"tm26\">\u00b7 <\/span><span class=\"tm9\">Sofern die Datenschutzgesetze in der Europ\u00e4ischen Union Anwendung finden, k\u00f6nnen Sie au\u00dferdem <\/span><strong><span class=\"tm7\">der Verarbeitung Ihrer personenbezogenen Daten widersprechen<\/span><\/strong><span class=\"tm9\">, mich auffordern, <\/span><strong><span class=\"tm7\">die Verarbeitung Ihrer personenbezogenen Daten einzuschr\u00e4nken<\/span><\/strong><span class=\"tm9\"> oder <\/span><strong><span class=\"tm7\">die \u00dcbertragbarkeit Ihrer personenbezogenen Daten verlangen<\/span><\/strong><span class=\"tm9\">. Sie k\u00f6nnen dieses Recht aus\u00fcben, indem Sie mich unter den Kontaktdaten kontaktieren, die unten unter der \u00dcberschrift <\/span><strong><span class=\"tm7\">\u201eKontakt\u201c<\/span><\/strong><span class=\"tm9\">\u00a0angegeben sind.<\/span><\/p>\n<p class=\"Normal tm22\"><span class=\"tm26\">\u00b7 <\/span><span class=\"tm9\">Sie k\u00f6nnen jederzeit der Zusendung von <\/span><strong><span class=\"tm7\">Werbemitteilungen widersprechen<\/span><\/strong><span class=\"tm9\">. Sie k\u00f6nnen dieses Recht aus\u00fcben, indem Sie in den Werbe-E-Mails, die ich Ihnen zusende, auf den Link \u201eabbestellen\u201c oder \u201eOpt-Out\u201c klicken. Um sonstige Formen der Werbung (wie postalische Werbung oder Telemarketing) abzubestellen, kontaktieren Sie mich bitte unter den Kontaktdaten, die unten unter der \u00dcberschrift <\/span><strong><span class=\"tm7\">\u201eKontakt\u201c<\/span><\/strong><span class=\"tm9\">\u00a0angegeben sind.<\/span><\/p>\n<p class=\"Normal tm22\"><span class=\"tm26\">\u00b7 <\/span><span class=\"tm9\">Ebenso k\u00f6nnen Sie, wenn ich Ihre personenbezogenen Daten mit Ihrer Einwilligung erhoben und verarbeitet habe, jederzeit <\/span><strong><span class=\"tm7\">Ihre Einwilligung widerrufen<\/span><\/strong><span class=\"tm9\">. Der Widerruf Ihrer Einwilligung hat keine Auswirkung auf die Rechtm\u00e4\u00dfigkeit der Verarbeitung, die ich vor Ihrem Widerruf vorgenommen habe, noch wirkt sie sich auf die Verarbeitung Ihrer personenbezogenen Daten aus, wenn hierf\u00fcr eine sonstige Rechtsgrundlage au\u00dfer Ihrer Einwilligung besteht.<\/span><\/p>\n<p class=\"Normal tm22\"><span class=\"tm26\">\u00b7 <\/span><span class=\"tm9\">Sie sind <\/span><strong><span class=\"tm7\">berechtigt, eine Beschwerde bei einer Datenschutzbeh\u00f6rde<\/span><\/strong><span class=\"tm9\"> bez\u00fcglich der Erhebung und Nutzung Ihrer personenbezogenen Daten durch mich einzureichen. F\u00fcr weitere Informationen kontaktieren Sie bitte Ihre \u00f6rtliche Datenschutzbeh\u00f6rde.<br \/>\n(Kontaktdaten von Datenschutzbeh\u00f6rden im EWR, der Schweiz und bestimmten nicht-europ\u00e4ischen L\u00e4ndern finden Sie <\/span><strong><u><a href=\"http:\/\/ec.europa.eu\/justice\/data-protection\/article-29\/structure\/data-protection-authorities\/index_en.htm\" target=\"_blank\" rel=\"noopener\"><span class=\"tm7\">hier<\/span><\/a><\/u><\/strong><span class=\"tm9\">.)<\/span><\/p>\n<p class=\"Normal\"><span class=\"tm9\">Ich beantworte alle Anfragen, die ich von Personen erhalte, die Ihre Datenschutzrechte gem\u00e4\u00df den einschl\u00e4gigen Datenschutzgesetzen aus\u00fcben m\u00f6chten.<\/span><\/p>\n<h2 class=\"tm10\"><strong>Aktualisierungen dieser Datenschutzerkl\u00e4rung<\/strong><\/h2>\n<p class=\"Normal\"><span class=\"tm9\">Ich aktualisiere diese Datenschutzerkl\u00e4rung von Zeit zu Zeit, um auf sich \u00e4ndernde rechtliche, technische oder gesch\u00e4ftliche Entwicklungen zu reagieren. Wenn ich meine Datenschutzhinweise aktualisiere, werde ich geeignete Ma\u00dfnahmen ergreifen, um Sie entsprechend der Bedeutung der von mir vorgenommenen \u00c4nderungen zu informieren. Ich werde Ihre Zustimmung zu allen wesentlichen \u00c4nderungen der Datenschutzhinweise einholen, wenn und soweit dies nach den geltenden Datenschutzgesetzen erforderlich ist.<\/span><\/p>\n<p class=\"Normal\"><span class=\"tm9\">Gem\u00e4\u00df der obigen Angabe \u201eLetzte Aktualisierung\u201c k\u00f6nnen Sie sehen, wann diese Datenschutzerkl\u00e4rung zuletzt angepasst worden ist.<\/span><\/p>\n<h2 class=\"tm10\"><strong>Kontakt<\/strong><\/h2>\n<p class=\"Normal\"><span class=\"tm9\">Der Verantwortliche im Sinne der DSGVO ist:<br \/>\n<\/span><span class=\"tm9\">Der Datenschutzbeauftragte<\/span> <span class=\"tm9\">Swen Otto, Kamelweg 10,\u00a0DE-98724 Lauscha, Deutschland<\/span><span class=\"tm9\">.<br \/>\n<\/span><u><\/u><span class=\"tm9\">Webseite: <\/span> <strong><u><a href=\"https:\/\/www.consulting-otto.de\/\" target=\"_blank\" rel=\"noopener\"><span class=\"tm7\">www.consulting-otto.de<\/span><\/a><\/u><\/strong><\/p>\n<p class=\"Normal\"><u><\/u><span class=\"tm9\">Wenn Sie Fragen oder Bedenken bez\u00fcglich der Nutzung Ihrer personenbezogenen Daten durch mich haben, kontaktieren Sie mich bitte unter folgender E-Mail-Adresse:<br \/>\n<\/span><strong><u><a href=\"mailto:datenschutz@consulting-otto.de\" target=\"_blank\" rel=\"noopener\"><span class=\"tm7\">datenschutz@consulting-otto.de<\/span><\/a><\/u><\/strong><\/p>\n<p class=\"Normal\">\n","protected":false},"excerpt":{"rendered":"<p>Letzte Aktualisierung: 12.12.2023 Otto Consulting Lauscha, Deutschland (\u201eich\u201c) respektierte Ihr Recht auf Privatsph\u00e4re. In dieser Datenschutzerkl\u00e4rung wird erl\u00e4utert, wer ich bin, wie ich personenbezogene Daten \u00fcber Sie erhebe, weitergebe, nutze und wie Sie Ihre Datenschutzrechte aus\u00fcben k\u00f6nnen. Diese Datenschutzerkl\u00e4rung gilt nur f\u00fcr personenbezogene Daten, die ich \u00fcber meine Webseite www.consulting-otto.de, (\u201eWebseite\u201c) oder anderweitig im Zuge [&hellip;]<\/p>\n","protected":false},"author":101011,"featured_media":0,"parent":0,"menu_order":0,"comment_status":"closed","ping_status":"closed","template":"","meta":{"footnotes":""},"class_list":["post-120","page","type-page","status-publish","hentry"],"_links":{"self":[{"href":"https:\/\/www.consulting-otto.de\/index.php\/wp-json\/wp\/v2\/pages\/120","targetHints":{"allow":["GET"]}}],"collection":[{"href":"https:\/\/www.consulting-otto.de\/index.php\/wp-json\/wp\/v2\/pages"}],"about":[{"href":"https:\/\/www.consulting-otto.de\/index.php\/wp-json\/wp\/v2\/types\/page"}],"author":[{"embeddable":true,"href":"https:\/\/www.consulting-otto.de\/index.php\/wp-json\/wp\/v2\/users\/101011"}],"replies":[{"embeddable":true,"href":"https:\/\/www.consulting-otto.de\/index.php\/wp-json\/wp\/v2\/comments?post=120"}],"version-history":[{"count":11,"href":"https:\/\/www.consulting-otto.de\/index.php\/wp-json\/wp\/v2\/pages\/120\/revisions"}],"predecessor-version":[{"id":220,"href":"https:\/\/www.consulting-otto.de\/index.php\/wp-json\/wp\/v2\/pages\/120\/revisions\/220"}],"wp:attachment":[{"href":"https:\/\/www.consulting-otto.de\/index.php\/wp-json\/wp\/v2\/media?parent=120"}],"curies":[{"name":"wp","href":"https:\/\/api.w.org\/{rel}","templated":true}]}}